{"id":847,"date":"2025-07-10T19:44:19","date_gmt":"2025-07-10T19:44:19","guid":{"rendered":"https:\/\/jardivida.es\/?page_id=847"},"modified":"2025-11-18T16:56:06","modified_gmt":"2025-11-18T16:56:06","slug":"avis-legal","status":"publish","type":"page","link":"https:\/\/jardivida.es\/ca\/aviso-legal\/","title":{"rendered":"Av\u00eds Legal"},"content":{"rendered":"<div class=\"wp-block-stackable-columns alignfull stk-block-columns stk-block stk-c0a2d50 stk-block-background stk--has-background-overlay\" data-block-id=\"c0a2d50\"><style>.stk-c0a2d50 {background-color:linear-gradient(90deg,rgb(50,53,53) 0%,rgb(55,60,61) 100%) !important;padding-top:100px !important;padding-bottom:150px !important;margin-bottom:0px !important;}.stk-c0a2d50:before{background-image:linear-gradient(90deg,rgb(50,53,53) 0%,rgb(55,60,61) 100%) !important;}@media screen and (max-width:999px){.stk-c0a2d50 {padding-top:50px !important;padding-bottom:70px !important;}}<\/style><div class=\"stk-row stk-inner-blocks stk-block-content stk-content-align stk-c0a2d50-column\">\n<div class=\"wp-block-stackable-column stk-block-column stk-column stk-block stk-eed4320\" data-v=\"4\" data-block-id=\"eed4320\"><style>.stk-eed4320-container{margin-top:0px !important;margin-right:0px !important;margin-bottom:0px !important;margin-left:0px !important;}<\/style><div class=\"stk-column-wrapper stk-block-column__content stk-container stk-eed4320-container stk--no-background stk--no-padding\"><div class=\"has-text-align-center stk-block-content stk-inner-blocks stk-eed4320-inner-blocks\">\n\n\n<div class=\"wp-block-stackable-heading stk-block-heading stk-block-heading--v2 stk-block stk-aaa7c47\" id=\"aviso-legal\" data-block-id=\"aaa7c47\"><style>.stk-aaa7c47 {max-width:700px !important;min-width:auto !important;margin-right:auto !important;margin-left:auto !important;}.stk-aaa7c47 .stk-block-heading__text{color:#ffffff !important;line-height:1.2em !important;}@media screen and (max-width:999px){.stk-aaa7c47 .stk-block-heading__text{font-size:40px !important;}}<\/style><h1 class=\"stk-block-heading__text has-text-color has-palette-color-8-color has-text-align-center\">Av\u00eds Legal<\/h1><\/div>\n<\/div><\/div><\/div>\n<\/div><\/div>\n\n\n\n<div class=\"wp-block-stackable-spacer stk-block-spacer stk--no-padding stk-block stk-92bdce8\" data-block-id=\"92bdce8\"><style>.stk-92bdce8 {height:80px !important;}<\/style><\/div>\n\n\n\n<p class=\"translation-block\">Aquest av\u00eds legal regula les condicions d'\u00fas del portal d'Internet <strong>jardivida.es<\/strong> i estableix les responsabilitats i els drets dels usuaris dels seus serveis telem\u00e0tics.<\/p>\n\n\n\n<h2 class=\"wp-block-heading has-large-font-size\">Informaci\u00f3 General<\/h2>\n\n\n\n<p class=\"translation-block\">En compliment del deure d'informaci\u00f3 recollit a l'article 10 de la Llei 34\/2002, d'11 de juliol, de Serveis de la Societat de la Informaci\u00f3 i del Comer\u00e7 Electr\u00f2nic, us informem que el lloc web <a href=\"https:\/\/jardivida.es\/ca\/\" target=\"_self\">https:\/\/jardivida.es\/<\/a> \u00e9s titularitat de <strong>jardivida.es<\/strong>.<\/p>\n\n\n\n<p class=\"translation-block\"><strong>Finalitat:<\/strong> Informaci\u00f3 i oferta de serveis de paisatgisme i jardineria sostenible.<\/p>\n\n\n\n<p class=\"translation-block\"><strong>Legitimaci\u00f3:<\/strong> Consentiment expr\u00e9s i inter\u00e8s leg\u00edtim.<\/p>\n\n\n\n<h2 class=\"wp-block-heading has-large-font-size\">Llei aplicable i jurisdicci\u00f3<\/h2>\n\n\n\n<p class=\"translation-block\">Les relacions entre <strong>jardivida.es<\/strong> i els usuaris dels seus serveis telem\u00e0tics estan subjectes a la legislaci\u00f3 i jurisdicci\u00f3 espanyoles. Ambdues parts renuncien expressament a qualsevol fur que els pogu\u00e9s correspondre i acorden sotmetre's als Jutjats i Tribunals de Barcelona per resoldre qualsevol controv\u00e8rsia que pugui sorgir en la interpretaci\u00f3 o execuci\u00f3 de les condicions contractuals.<\/p>\n\n\n\n<h2 class=\"wp-block-heading has-large-font-size\">Acceptaci\u00f3 de l'usuari<\/h2>\n\n\n\n<p class=\"translation-block\">Aquest Av\u00eds Legal regula l'acc\u00e9s i l'\u00fas del lloc web <strong>jardivida.es<\/strong> per part de qualsevol persona que hi accedeixi, hi navegui, l'utilitzi o participi en els serveis i les activitats del lloc web. En accedir i navegar pel lloc web, l'usuari accepta plenament les presents Condicions d'\u00das. Si no esteu d'acord amb aquestes condicions, us instem que us abstingueu d'utilitzar el lloc web.<\/p>\n\n\n\n<p class=\"translation-block\">L'acc\u00e9s i l'\u00fas d'aquest lloc web no implica l'inici d'una relaci\u00f3 comercial entre l'usuari i <strong>jardivida.es<\/strong>. L'acc\u00e9s \u00e9s gratu\u00eft, per\u00f2 alguns serveis poden requerir contractaci\u00f3 pr\u00e8via. En cas de proporcionar dades personals, s'aplicar\u00e0 la normativa de protecci\u00f3 de dades vigent, tal com es descriu a la nostra pol\u00edtica de privacitat.<\/p>\n\n\n\n<h2 class=\"wp-block-heading has-large-font-size\">Contingut i \u00fas<\/h2>\n\n\n\n<p class=\"translation-block\">L'usuari es compromet a utilitzar el lloc web de manera responsable i d'acord amb la legislaci\u00f3 vigent, la bona fe i aquest Av\u00eds Legal. Ha de respectar els drets de propietat intel\u00b7lectual i industrial de <strong>jardivida.es<\/strong> i de tercers.<\/p>\n\n\n\n<p class=\"translation-block\">Queda estrictament prohibit utilitzar els continguts del lloc web amb finalitats il\u00b7l\u00edcites o realitzar accions que puguin causar danys no autoritzats al lloc web o als seus continguts. <strong>jardivida.es<\/strong> es reserva el dret d'efectuar modificacions al seu lloc web sense av\u00eds previ i pot canviar, suprimir o afegir continguts i serveis, aix\u00ed com modificar la seva presentaci\u00f3 als servidors.<\/p>\n\n\n\n<h2 class=\"wp-block-heading has-large-font-size\">Propietat intel\u00b7lectual i industrial<\/h2>\n\n\n\n<p class=\"translation-block\">Els drets de propietat intel\u00b7lectual sobre el contingut, el disseny gr\u00e0fic i els codis del lloc web s\u00f3n propietat de <strong>jardivida.es<\/strong>, i en queda prohibida la reproducci\u00f3, distribuci\u00f3, comunicaci\u00f3 p\u00fablica, transformaci\u00f3 o qualsevol altra activitat sense el consentiment previ i per escrit de <strong>jardivida.es<\/strong>.<\/p>\n\n\n\n<p>Els noms comercials, les marques i altres signes distintius continguts al lloc web s\u00f3n propietat dels seus respectius propietaris i estan protegits per la llei. L'acc\u00e9s i la navegaci\u00f3 al lloc web no implica ren\u00fancia o cessi\u00f3 de drets de propietat intel\u00b7lectual i industrial.<\/p>\n\n\n\n<p>Qualsevol \u00fas no autoritzat dels continguts del lloc web constituir\u00e0 una infracci\u00f3 dels drets de propietat intel\u00b7lectual i industrial i pot donar lloc a responsabilitats legals.<\/p>\n\n\n\n<h2 class=\"wp-block-heading has-large-font-size\">Responsabilitat i garanties<\/h2>\n\n\n\n<p class=\"translation-block\"><strong>jardivida.es<\/strong> declara que ha pres les mesures necess\u00e0ries per garantir el correcte funcionament del lloc web i l'abs\u00e8ncia de virus o components nocius. No obstant aix\u00f2, <strong>jardivida.es<\/strong> no pot garantir la continu\u00eftat i la disponibilitat dels continguts ni l'abs\u00e8ncia d'errors. Tampoc no es responsabilitza per:<\/p>\n\n\n\n<ul class=\"wp-block-list\">\n<li>Els danys causats per persones que violin la seguretat del lloc web.<\/li>\n\n\n\n<li>L'\u00fas inadequat o il\u00b7l\u00edcit dels continguts del lloc web.<\/li>\n\n\n\n<li>La interrupci\u00f3 temporal del lloc web per operacions de manteniment.<\/li>\n<\/ul>\n\n\n\n<p class=\"translation-block\">Els usuaris menors d'edat han d'obtenir el perm\u00eds dels seus tutors per utilitzar el lloc web. <strong>jardivida.es<\/strong> no garanteix la legalitat dels enlla\u00e7os de tercers al lloc web i no es fa responsable del seu contingut. <strong>jardivida.es<\/strong> es reserva el dret d'eliminar continguts que infringeixin la legislaci\u00f3 vigent.<\/p>\n\n\n\n<h2 class=\"wp-block-heading has-large-font-size\">Cookies<\/h2>\n\n\n\n<p class=\"translation-block\"><strong>jardivida.es<\/strong> utilitza cookies per millorar la navegaci\u00f3 de l'usuari. La informaci\u00f3 recopilada mitjan\u00e7ant cookies s'utilitza per optimitzar l'experi\u00e8ncia de navegaci\u00f3, per\u00f2 no s'associa a dades personals. Els usuaris poden configurar el seu navegador per evitar la instal\u00b7laci\u00f3 de cookies. Per obtenir m\u00e9s informaci\u00f3, consulteu la nostra <a href=\"\/ca\/politica-de-cookies\/\" target=\"_self\">Pol\u00edtica de Cookies<\/a>.<\/p>\n\n\n\n<h2 class=\"wp-block-heading has-large-font-size\">Enlla\u00e7os (links)<\/h2>\n\n\n\n<p class=\"translation-block\">Els enlla\u00e7os a altres llocs web tenen una finalitat informativa. <strong>jardivida.es<\/strong> no suggereix, convida ni recomana aquests llocs web i no assumeix cap responsabilitat pel seu contingut. <strong>jardivida.es<\/strong> es reserva el dret d'exercir accions legals contra llocs web que incompleixin la normativa.<\/p>\n\n\n\n<h2 class=\"wp-block-heading has-large-font-size\">Modificaci\u00f3 de les condicions<\/h2>\n\n\n\n<p class=\"translation-block\"><strong>jardivida.es<\/strong> es reserva el dret de modificar aquest Av\u00eds Legal sense av\u00eds previ. Els usuaris s\u00f3n responsables de revisar aquest Av\u00eds Legal peri\u00f2dicament.<\/p>\n\n\n\n<div class=\"wp-block-stackable-spacer stk-block-spacer stk--no-padding stk-block stk-78cb078\" data-block-id=\"78cb078\"><style>.stk-78cb078 {height:120px !important;}<\/style><\/div>","protected":false},"excerpt":{"rendered":"<p>Aviso Legal Este aviso legal regula las condiciones de uso del portal de Internet jardivida.es y establece las responsabilidades y derechos de los usuarios de sus servicios telem\u00e1ticos. Informaci\u00f3n General En cumplimiento con el deber de informaci\u00f3n recogido en el art\u00edculo 10 de la Ley 34\/2002, de 11 de julio, de Servicios de la Sociedad [&hellip;]<\/p>\n","protected":false},"author":2,"featured_media":0,"parent":0,"menu_order":0,"comment_status":"closed","ping_status":"closed","template":"","meta":{"footnotes":""},"class_list":["post-847","page","type-page","status-publish","hentry"],"blocksy_meta":[],"_links":{"self":[{"href":"https:\/\/jardivida.es\/ca\/wp-json\/wp\/v2\/pages\/847","targetHints":{"allow":["GET"]}}],"collection":[{"href":"https:\/\/jardivida.es\/ca\/wp-json\/wp\/v2\/pages"}],"about":[{"href":"https:\/\/jardivida.es\/ca\/wp-json\/wp\/v2\/types\/page"}],"author":[{"embeddable":true,"href":"https:\/\/jardivida.es\/ca\/wp-json\/wp\/v2\/users\/2"}],"replies":[{"embeddable":true,"href":"https:\/\/jardivida.es\/ca\/wp-json\/wp\/v2\/comments?post=847"}],"version-history":[{"count":0,"href":"https:\/\/jardivida.es\/ca\/wp-json\/wp\/v2\/pages\/847\/revisions"}],"wp:attachment":[{"href":"https:\/\/jardivida.es\/ca\/wp-json\/wp\/v2\/media?parent=847"}],"curies":[{"name":"wp","href":"https:\/\/api.w.org\/{rel}","templated":true}]}}