{"id":845,"date":"2025-07-10T19:42:33","date_gmt":"2025-07-10T19:42:33","guid":{"rendered":"https:\/\/jardivida.es\/?page_id=845"},"modified":"2025-10-26T20:24:35","modified_gmt":"2025-10-26T20:24:35","slug":"politica-de-privacitat","status":"publish","type":"page","link":"https:\/\/jardivida.es\/ca\/politica-de-privacidad\/","title":{"rendered":"Pol\u00edtica de privacidad"},"content":{"rendered":"<div class=\"wp-block-stackable-columns alignfull stk-block-columns stk-block stk-c0a2d50 stk-block-background stk--has-background-overlay\" data-block-id=\"c0a2d50\"><style>.stk-c0a2d50 {background-color:linear-gradient(90deg,rgb(50,53,53) 0%,rgb(55,60,61) 100%) !important;padding-top:100px !important;padding-bottom:150px !important;margin-bottom:0px !important;}.stk-c0a2d50:before{background-image:linear-gradient(90deg,rgb(50,53,53) 0%,rgb(55,60,61) 100%) !important;}@media screen and (max-width:999px){.stk-c0a2d50 {padding-top:50px !important;padding-bottom:70px !important;}}<\/style><div class=\"stk-row stk-inner-blocks stk-block-content stk-content-align stk-c0a2d50-column\">\n<div class=\"wp-block-stackable-column stk-block-column stk-column stk-block stk-eed4320\" data-v=\"4\" data-block-id=\"eed4320\"><style>.stk-eed4320-container{margin-top:0px !important;margin-right:0px !important;margin-bottom:0px !important;margin-left:0px !important;}<\/style><div class=\"stk-column-wrapper stk-block-column__content stk-container stk-eed4320-container stk--no-background stk--no-padding\"><div class=\"has-text-align-center stk-block-content stk-inner-blocks stk-eed4320-inner-blocks\">\n\n\n<div class=\"wp-block-stackable-heading stk-block-heading stk-block-heading--v2 stk-block stk-aaa7c47\" id=\"politica-de-privacidad\" data-block-id=\"aaa7c47\"><style>.stk-aaa7c47 {max-width:700px !important;min-width:auto !important;margin-right:auto !important;margin-left:auto !important;}.stk-aaa7c47 .stk-block-heading__text{color:#ffffff !important;line-height:1.2em !important;}@media screen and (max-width:999px){.stk-aaa7c47 .stk-block-heading__text{font-size:40px !important;}}<\/style><h1 class=\"stk-block-heading__text has-text-color has-palette-color-8-color has-text-align-center\">Pol\u00edtica de Privacitat<\/h1><\/div>\n<\/div><\/div><\/div>\n<\/div><\/div>\n\n\n\n<div class=\"wp-block-stackable-spacer stk-block-spacer stk--no-padding stk-block stk-20485c2\" data-block-id=\"20485c2\"><style>.stk-20485c2 {height:80px !important;}<\/style><\/div>\n\n\n\n<p><strong>Responsable:<\/strong> Jardivida.es<\/p>\n\n\n\n<p class=\"translation-block\"><strong>Legitimaci\u00f3:<\/strong> Consentiment expr\u00e9s i inter\u00e8s leg\u00edtim.<\/p>\n\n\n\n<p class=\"translation-block\"><strong>Destinataris:<\/strong> No es cedeixen dades a tercers, llevat d'obligaci\u00f3 legal.<\/p>\n\n\n\n<p class=\"translation-block\"><strong>Drets:<\/strong> Podeu accedir, rectificar i suprimir les vostres dades, aix\u00ed com exercir altres drets, tal com s'explica a la informaci\u00f3 addicional.<\/p>\n\n\n\n<p class=\"translation-block\"><strong>Informaci\u00f3n adicional:<\/strong> Puedes consultar la informaci\u00f3n adicional y detallada sobre Protecci\u00f3n de Datos en el apartado de Aviso Legal.<\/p>\n\n\n\n<p>A jardivida.es treballem per oferir-vos la millor experi\u00e8ncia possible a trav\u00e9s dels nostres productes i serveis. Valorem la vostra privacitat i creiem en la transpar\u00e8ncia en tot moment. Per tant, de conformitat amb el RGPD i la LSSI, us informem que jardivida.es, en qualitat de responsable del tractament, recopilar\u00e0 i gestionar\u00e0 les dades personals proporcionades pels usuaris en un fitxer automatitzat.<\/p>\n\n\n\n<h2 class=\"wp-block-heading has-large-font-size\">Qui \u00e9s el responsable del tractament de les vostres dades personals?<\/h2>\n\n\n\n<p class=\"translation-block\"><strong>Identitat:<\/strong> Jardivida.es<\/p>\n\n\n\n<p class=\"translation-block\"><strong>Correu:<\/strong> contacto@jardivida.es<\/p>\n\n\n\n<h2 class=\"wp-block-heading has-large-font-size\">Quines dades personals recopilem?<\/h2>\n\n\n\n<ul class=\"wp-block-list\">\n<li>Nom, cognoms i adre\u00e7a.<\/li>\n\n\n\n<li>N\u00famero de tel\u00e8fon i adre\u00e7a de correu electr\u00f2nic.<\/li>\n\n\n\n<li>Ubicaci\u00f3.<\/li>\n\n\n\n<li>Informaci\u00f3 relacionada amb pagaments i devolucions.<\/li>\n\n\n\n<li>Adre\u00e7a IP, data i hora d'acc\u00e9s, navegador utilitzat i dades sobre el sistema operatiu.<\/li>\n\n\n\n<li>Qualsevol altra informaci\u00f3 o dades que decidiu compartir amb nosaltres.<\/li>\n<\/ul>\n\n\n\n<h2 class=\"wp-block-heading has-large-font-size\">Per qu\u00e8 i per a qu\u00e8 tractem les vostres dades?<\/h2>\n\n\n\n<ul class=\"wp-block-list\">\n<li>Gestionar comandes o contractar serveis.<\/li>\n\n\n\n<li>Gestionar l'enviament d'informaci\u00f3 sol\u00b7licitada.<\/li>\n\n\n\n<li>Desenvolupar accions comercials i personalitzar el tracte i l'experi\u00e8ncia de l'usuari.<\/li>\n\n\n\n<li>Organitzar concursos, sortejos i promocions.<\/li>\n\n\n\n<li>Proporcionar informaci\u00f3 a autoritats o terceres empreses quan sigui necessari.<\/li>\n<\/ul>\n\n\n\n<h2 class=\"wp-block-heading has-large-font-size\">Quina \u00e9s la legitimaci\u00f3 per al tractament de les vostres dades?<\/h2>\n\n\n\n<ul class=\"wp-block-list\">\n<li>Consentiment de l'usuari.<\/li>\n\n\n\n<li>Inter\u00e8s leg\u00edtim en accions de m\u00e0rqueting directe.<\/li>\n\n\n\n<li>Compliment d'obligacions legals.<\/li>\n<\/ul>\n\n\n\n<h2 class=\"wp-block-heading has-large-font-size\">Quant de temps conservem les vostres dades?<\/h2>\n\n\n\n<p>Les dades es conservaran mentre duri la relaci\u00f3 comercial i per complir amb les obligacions legals derivades del tractament de les dades.<\/p>\n\n\n\n<h2 class=\"wp-block-heading has-large-font-size\">A qui es comuniquen les vostres dades?<\/h2>\n\n\n\n<p>Nom\u00e9s quan sigui necessari, jardivida.es pot proporcionar dades a tercers prove\u00efdors de serveis o autoritats p\u00fabliques. Mai no venem dades a tercers.<\/p>\n\n\n\n<h2 class=\"wp-block-heading has-large-font-size\">On s'emmagatzemen les vostres dades?<\/h2>\n\n\n\n<p>En general, les dades s'emmagatzemen a la Uni\u00f3 Europea. Si s'envien dades fora de la UE, es garantir\u00e0 un nivell adequat de protecci\u00f3.<\/p>\n\n\n\n<h2 class=\"wp-block-heading has-large-font-size\">Quins drets us assisteixen i com els podeu exercir?<\/h2>\n\n\n\n<ul class=\"wp-block-list\">\n<li>Dret d'acc\u00e9s.<\/li>\n\n\n\n<li>Dret de rectificaci\u00f3.<\/li>\n\n\n\n<li>Dret de supressi\u00f3 i oblit.<\/li>\n\n\n\n<li>Dret de limitaci\u00f3 del tractament.<\/li>\n\n\n\n<li>Dret d'oposici\u00f3.<\/li>\n\n\n\n<li>Dret a la portabilitat.<\/li>\n\n\n\n<li>Dret a no estar subjecte a decisions individualitzades.<\/li>\n<\/ul>\n\n\n\n<p class=\"translation-block\">Podeu exercir els vostres drets enviant un correu a <a href=\"mailto:contacto@jardivida.es\" target=\"_self\">contacto@jardivida.es<\/a>.<\/p>\n\n\n\n<h2 class=\"wp-block-heading has-large-font-size\">Qui \u00e9s responsable de l'exactitud i la veracitat de les dades proporcionades?<\/h2>\n\n\n\n<p>L'usuari \u00e9s l'\u00fanic responsable de la veracitat de les dades proporcionades. jardivida.es podr\u00e0 cancel\u00b7lar els serveis si detecta dades falses o inexactes.<\/p>\n\n\n\n<h2 class=\"wp-block-heading has-large-font-size\">Com tractem les dades personals dels menors d'edat?<\/h2>\n\n\n\n<p>Per a menors de 14 anys, es requerir\u00e0 el consentiment expr\u00e9s dels tutors legals, adjuntant-hi una identificaci\u00f3 v\u00e0lida.<\/p>\n\n\n\n<h2 class=\"wp-block-heading has-large-font-size\">Quines mesures de seguretat apliquem per protegir les vostres dades personals?<\/h2>\n\n\n\n<p>jardivida.es ha adoptat mesures t\u00e8cniques i organitzatives per garantir la seguretat de les dades personals, evitant-ne la p\u00e8rdua, l'\u00fas indegut, l'acc\u00e9s no autoritzat i el robatori.<\/p>\n\n\n\n<h2 class=\"wp-block-heading has-large-font-size\">Enlla\u00e7os a altres llocs web<\/h2>\n\n\n\n<p>En fer clic a enlla\u00e7os d'altres llocs, la vostra visita estar\u00e0 subjecta a la pol\u00edtica de privacitat d'aquest lloc, i jardivida.es en quedar\u00e0 exempta de qualsevol responsabilitat.<\/p>\n\n\n\n<h2 class=\"wp-block-heading has-large-font-size\">Com utilitzem les cookies?<\/h2>\n\n\n\n<p class=\"translation-block\">jardivida.es utilitza cookies per optimitzar la navegaci\u00f3. Podeu configurar el vostre navegador per evitar-ne la instal\u00b7laci\u00f3. Per a m\u00e9s informaci\u00f3, consulteu la nostra <a href=\"\/ca\/politica-de-cookies\/\" target=\"_self\">Pol\u00edtica de Cookies<\/a>.<\/p>\n\n\n\n<h2 class=\"wp-block-heading has-large-font-size\">Es pot modificar la pol\u00edtica de privacitat?<\/h2>\n\n\n\n<p>Aquesta pol\u00edtica es pot modificar. Us recomanem que la reviseu peri\u00f2dicament.<\/p>\n\n\n\n<div class=\"wp-block-stackable-spacer stk-block-spacer stk--no-padding stk-block stk-4e8f0d4\" data-block-id=\"4e8f0d4\"><style>.stk-4e8f0d4 {height:120px !important;}<\/style><\/div>","protected":false},"excerpt":{"rendered":"<p>Pol\u00edtica de Privacidad Responsable: Jardivida.es Legitimaci\u00f3n: Consentimiento expreso e inter\u00e9s leg\u00edtimo. Destinatarios: No se ceden datos a terceros, salvo obligaci\u00f3n legal. Derechos: Puedes acceder, rectificar y suprimir tus datos, as\u00ed como ejercer otros derechos, como se explica en la informaci\u00f3n adicional. Informaci\u00f3n adicional: Puedes consultar la informaci\u00f3n adicional y detallada sobre Protecci\u00f3n de Datos en [&hellip;]<\/p>\n","protected":false},"author":2,"featured_media":0,"parent":0,"menu_order":0,"comment_status":"closed","ping_status":"closed","template":"","meta":{"footnotes":""},"class_list":["post-845","page","type-page","status-publish","hentry"],"blocksy_meta":[],"_links":{"self":[{"href":"https:\/\/jardivida.es\/ca\/wp-json\/wp\/v2\/pages\/845","targetHints":{"allow":["GET"]}}],"collection":[{"href":"https:\/\/jardivida.es\/ca\/wp-json\/wp\/v2\/pages"}],"about":[{"href":"https:\/\/jardivida.es\/ca\/wp-json\/wp\/v2\/types\/page"}],"author":[{"embeddable":true,"href":"https:\/\/jardivida.es\/ca\/wp-json\/wp\/v2\/users\/2"}],"replies":[{"embeddable":true,"href":"https:\/\/jardivida.es\/ca\/wp-json\/wp\/v2\/comments?post=845"}],"version-history":[{"count":0,"href":"https:\/\/jardivida.es\/ca\/wp-json\/wp\/v2\/pages\/845\/revisions"}],"wp:attachment":[{"href":"https:\/\/jardivida.es\/ca\/wp-json\/wp\/v2\/media?parent=845"}],"curies":[{"name":"wp","href":"https:\/\/api.w.org\/{rel}","templated":true}]}}