{"id":3962,"date":"2025-09-27T17:40:15","date_gmt":"2025-09-27T17:40:15","guid":{"rendered":"https:\/\/jardivida.es\/?page_id=3962"},"modified":"2026-01-29T00:18:50","modified_gmt":"2026-01-29T00:18:50","slug":"treballa-amb-nosaltres","status":"publish","type":"page","link":"https:\/\/jardivida.es\/ca\/trabaja-con-nosotros\/","title":{"rendered":"Treballa amb nosaltres"},"content":{"rendered":"<div class=\"wp-block-stackable-columns alignfull stk-block-columns stk-block stk-c0a2d50 stk-block-background stk--has-background-overlay\" data-block-id=\"c0a2d50\"><style>.stk-c0a2d50 {background-color:linear-gradient(180deg,rgba(16,20,24,0.51) 0%,rgb(4,24,4) 100%) !important;background-image:url(https:\/\/jardivida.es\/wp-content\/uploads\/2025\/09\/empresa-jardineria-sostenible-garraf-baix-penedes-jardivida.webp) !important;padding-top:230px !important;padding-bottom:150px !important;margin-bottom:0px !important;}.stk-c0a2d50:before{opacity:0.8 !important;mix-blend-mode:multiply !important;background-image:linear-gradient(180deg,rgba(16,20,24,0.51) 0%,rgb(4,24,4) 100%) !important;}@media screen and (max-width:999px){.stk-c0a2d50 {padding-top:120px !important;padding-bottom:70px !important;}}<\/style><div class=\"stk-row stk-inner-blocks stk-block-content stk-content-align stk-c0a2d50-column\">\n<div class=\"wp-block-stackable-column stk-block-column stk-column stk-block stk-eed4320\" data-v=\"4\" data-block-id=\"eed4320\"><style>.stk-eed4320-container{margin-top:0px !important;margin-right:0px !important;margin-bottom:0px !important;margin-left:0px !important;}<\/style><div class=\"stk-column-wrapper stk-block-column__content stk-container stk-eed4320-container stk--no-background stk--no-padding\"><div class=\"has-text-align-center stk-block-content stk-inner-blocks stk-eed4320-inner-blocks\">\n<div class=\"wp-block-stackable-heading stk-block-heading stk-block-heading--v2 stk-block stk-aaa7c47\" id=\"trabaja-con-nosotros\" data-block-id=\"aaa7c47\"><style>.stk-aaa7c47 {max-width:700px !important;min-width:auto !important;margin-right:auto !important;margin-left:auto !important;}.stk-aaa7c47 .stk-block-heading__text{color:var(u002du002dtheme-palette-color-8, #ffffff) !important;line-height:1.2em !important;}@media screen and (max-width:999px){.stk-aaa7c47 .stk-block-heading__text{font-size:40px !important;}}<\/style><h1 class=\"stk-block-heading__text has-text-color has-palette-color-8-color has-text-align-center\">Treballa amb nosaltres<\/h1><\/div>\n\n\n\n<div class=\"wp-block-stackable-text stk-block-text stk-block stk-2b77d0a\" data-block-id=\"2b77d0a\"><style>.stk-2b77d0a {max-width:650px !important;min-width:auto !important;margin-right:auto !important;margin-bottom:24px !important;margin-left:auto !important;}.stk-2b77d0a .stk-block-text__text{font-size:23px !important;color:var(--theme-palette-color-8, #ffffff) !important;font-weight:600 !important;}@media screen and (max-width:999px){.stk-2b77d0a {margin-bottom:24px !important;}.stk-2b77d0a .stk-block-text__text{font-size:23px !important;}}@media screen and (max-width:689px){.stk-2b77d0a .stk-block-text__text{font-size:21px !important;}}<\/style><p class=\"stk-block-text__text has-text-color has-palette-color-8-color has-text-align-center\">A Jard\u00edvida ens encanta trobar talent i col\u00b7laboradors que comparteixin la nostra passi\u00f3 per l\u2019excel\u00b7l\u00e8ncia, la professionalitat i la sostenibilitat.<\/p><\/div>\n<\/div><\/div><\/div>\n<\/div><\/div>\n\n\n\n<div class=\"wp-block-stackable-spacer stk-block-spacer stk--no-padding stk-block stk-4fd88f6\" data-block-id=\"4fd88f6\"><style>.stk-4fd88f6 {height:80px !important;}@media screen and (max-width:999px){.stk-4fd88f6 {height:15px !important;}}@media screen and (max-width:689px){.stk-4fd88f6 {height:10px !important;}}<\/style><\/div>\n\n\n\n<div class=\"wp-block-stackable-columns stk-block-columns stk-block stk-4307100\" data-block-id=\"4307100\"><style>.stk-4307100 {margin-top:var(--stk--preset--spacing--70, 3.38rem) !important;margin-bottom:var(--stk--preset--spacing--70, 3.38rem) !important;}<\/style><div class=\"stk-row stk-inner-blocks stk-block-content stk-content-align stk-4307100-column\">\n<div class=\"wp-block-stackable-column stk-block-column stk-column stk-block stk-5d59369\" data-v=\"4\" data-block-id=\"5d59369\"><div class=\"stk-column-wrapper stk-block-column__content stk-container stk-5d59369-container stk--no-background stk--no-padding\"><div class=\"stk-block-content stk-inner-blocks stk-5d59369-inner-blocks\">\n<div class=\"wp-block-stackable-columns stk-block-columns stk-block stk-e839a25\" data-block-id=\"e839a25\"><div class=\"stk-row stk-inner-blocks stk-block-content stk-content-align stk-e839a25-column\">\n<div class=\"wp-block-stackable-column stk-block-column stk-column stk-block stk-3cce953\" data-v=\"4\" data-block-id=\"3cce953\"><div class=\"stk-column-wrapper stk-block-column__content stk-container stk-3cce953-container stk--no-background stk--no-padding\"><div class=\"stk-block-content stk-inner-blocks stk-3cce953-inner-blocks\">\n<details class=\"wp-block-stackable-accordion stk-block-accordion stk-inner-blocks stk-block-content stk-block stk-55b5b23 is-style-default\" data-block-id=\"55b5b23\">\n<summary class=\"wp-block-stackable-column stk-block-column stk-column stk-block stk-b1a6733 stk--container-small stk-block-accordion__heading\" data-v=\"4\" data-block-id=\"b1a6733\"><div class=\"stk-column-wrapper stk-block-column__content stk-container stk-b1a6733-container stk-hover-parent\"><div class=\"stk-block-content stk-inner-blocks stk-b1a6733-inner-blocks\">\n<div class=\"wp-block-stackable-icon-label stk-block-icon-label stk-block stk-4ab3376\" data-block-id=\"4ab3376\"><div class=\"stk-row stk-inner-blocks stk-block-content\">\n<div class=\"wp-block-stackable-heading stk-block-heading stk-block-heading--v2 stk-block stk-a8f97fa\" id=\"question-1-placeholder\" data-block-id=\"a8f97fa\"><style>.stk-a8f97fa .stk-block-heading__text{font-size:var(--stk--preset--font-size--large, 30px) !important;}@media screen and (max-width:999px){.stk-a8f97fa .stk-block-heading__text{font-size:var(--stk--preset--font-size--large, 30px) !important;}}<\/style><h2 class=\"stk-block-heading__text\">Uneix-te al nostre equip<\/h2><\/div>\n\n\n\n<div class=\"wp-block-stackable-icon stk-block-icon stk-block stk-46cb1a3\" data-block-id=\"46cb1a3\"><span class=\"stk--svg-wrapper\"><div class=\"stk--inner-svg\"><svg style=\"height:0;width:0\"><defs><lineargradient id=\"linear-gradient-46cb1a3\" x1=\"0\" x2=\"100%\" y1=\"0\" y2=\"0\"><stop offset=\"0%\" style=\"stop-opacity:1;stop-color:var(--linear-gradient-46-cb-1-a-3-color-1)\"><\/stop><stop offset=\"100%\" style=\"stop-opacity:1;stop-color:var(--linear-gradient-46-cb-1-a-3-color-2)\"><\/stop><\/lineargradient><\/defs><\/svg><svg data-prefix=\"fas\" data-icon=\"chevron-down\" class=\"svg-inline--fa fa-chevron-down fa-w-14\" xmlns=\"http:\/\/www.w3.org\/2000\/svg\" viewbox=\"0 0 448 512\" aria-hidden=\"true\" width=\"32\" height=\"32\"><path fill=\"currentColor\" d=\"M207.029 381.476L12.686 187.132c-9.373-9.373-9.373-24.569 0-33.941l22.667-22.667c9.357-9.357 24.522-9.375 33.901-.04L224 284.505l154.745-154.021c9.379-9.335 24.544-9.317 33.901.04l22.667 22.667c9.373 9.373 9.373 24.569 0 33.941L240.971 381.476c-9.373 9.372-24.569 9.372-33.942 0z\"><\/path><\/svg><\/div><\/span><\/div>\n<\/div><\/div>\n<\/div><\/div><\/summary>\n\n\n\n<div class=\"wp-block-stackable-column stk-block-column stk-column stk-block stk-e62a5f7 stk-block-accordion__content\" data-v=\"4\" data-block-id=\"e62a5f7\"><div class=\"stk-column-wrapper stk-block-column__content stk-container stk-e62a5f7-container stk--no-background stk--no-padding\"><div class=\"stk-block-content stk-inner-blocks stk-e62a5f7-inner-blocks\">\n<div class=\"wp-block-stackable-text stk-block-text stk-block stk-5d84ee3\" data-block-id=\"5d84ee3\"><p class=\"stk-block-text__text\">Si ets un professional de la jardineria o el manteniment de piscines i busques un entorn de treball din\u00e0mic, respectu\u00f3s i amb oportunitats de desenvolupament, volem con\u00e8ixer-te. Valorem l'experi\u00e8ncia, la dedicaci\u00f3 i el comprom\u00eds amb la feina ben feta.<\/p><\/div>\n\n\n\n<div class=\"wp-block-stackable-heading stk-block-heading stk-block-heading--v2 stk-block stk-b5b522d\" id=\"que-ofrecemos\" data-block-id=\"b5b522d\"><style>.stk-b5b522d .stk-block-heading__text{font-size:var(--stk--preset--font-size--large, 30px) !important;}@media screen and (max-width:999px){.stk-b5b522d .stk-block-heading__text{font-size:var(--stk--preset--font-size--large, 30px) !important;}}<\/style><h3 class=\"stk-block-heading__text\">Qu\u00e8 oferim?<\/h3><\/div>\n\n\n\n<ul class=\"wp-block-list\">\n<li>Un ambient de treball professional i proper.<\/li>\n\n\n\n<li>Formaci\u00f3 cont\u00ednua i \u00fas de maquin\u00e0ria d'\u00faltima generaci\u00f3.<\/li>\n\n\n\n<li>Comprom\u00eds amb la seguretat laboral i la sostenibilitat.<\/li>\n\n\n\n<li>Projectes estimulants a les millors zones del Garraf i el Baix Pened\u00e8s.<\/li>\n<\/ul>\n\n\n\n<div class=\"wp-block-stackable-heading stk-block-heading stk-block-heading--v2 stk-block stk-a8a78e9\" id=\"como-puedes-aplicar\" data-block-id=\"a8a78e9\"><style>.stk-a8a78e9 .stk-block-heading__text{font-size:var(--stk--preset--font-size--large, 30px) !important;}@media screen and (max-width:999px){.stk-a8a78e9 .stk-block-heading__text{font-size:var(--stk--preset--font-size--large, 30px) !important;}}<\/style><h3 class=\"stk-block-heading__text\">Com pots presentar la teva candidatura?<\/h3><\/div>\n\n\n\n<div class=\"wp-block-stackable-text stk-block-text stk-block stk-49c80b0\" data-block-id=\"49c80b0\"><p class=\"stk-block-text__text\">Si est\u00e0s interessat a formar part de l'equip de Jard\u00edvida, envia'ns el teu curr\u00edculum i una breu carta de presentaci\u00f3 al nostre correu electr\u00f2nic. Ens posarem en contacte amb tu si el teu perfil s'ajusta a les nostres necessitats actuals.<\/p><\/div>\n\n\n\n<p class=\"translation-block\"><strong>Correu electr\u00f2nic de contacte:<\/strong> <a href=\"mailto:contacto@jardivida.es\" target=\"_self\">contacto@jardivida.es<\/a><\/p>\n<\/div><\/div><\/div>\n<\/details>\n\n\n\n<details class=\"wp-block-stackable-accordion stk-block-accordion stk-inner-blocks stk-block-content stk-block stk-b57e6a1 is-style-default\" data-block-id=\"b57e6a1\">\n<summary class=\"wp-block-stackable-column stk-block-column stk-column stk-block stk-3ee79f8 stk--container-small stk-block-accordion__heading\" data-v=\"4\" data-block-id=\"3ee79f8\"><div class=\"stk-column-wrapper stk-block-column__content stk-container stk-3ee79f8-container stk-hover-parent\"><div class=\"stk-block-content stk-inner-blocks stk-3ee79f8-inner-blocks\">\n<div class=\"wp-block-stackable-icon-label stk-block-icon-label stk-block stk-f02e56a\" data-block-id=\"f02e56a\"><div class=\"stk-row stk-inner-blocks stk-block-content\">\n<div class=\"wp-block-stackable-heading stk-block-heading stk-block-heading--v2 stk-block stk-6fe2cf8\" id=\"question-1-placeholder\" data-block-id=\"6fe2cf8\"><style>.stk-6fe2cf8 .stk-block-heading__text{font-size:var(--stk--preset--font-size--large, 30px) !important;}@media screen and (max-width:999px){.stk-6fe2cf8 .stk-block-heading__text{font-size:var(--stk--preset--font-size--large, 30px) !important;}}<\/style><h2 class=\"stk-block-heading__text\">Col\u00b7labora com a prove\u00efdor o partner<\/h2><\/div>\n\n\n\n<div class=\"wp-block-stackable-icon stk-block-icon stk-block stk-4345a07\" data-block-id=\"4345a07\"><span class=\"stk--svg-wrapper\"><div class=\"stk--inner-svg\"><svg style=\"height:0;width:0\"><defs><lineargradient id=\"linear-gradient-4345a07\" x1=\"0\" x2=\"100%\" y1=\"0\" y2=\"0\"><stop offset=\"0%\" style=\"stop-opacity:1;stop-color:var(--linear-gradient-4345-a-07-color-1)\"><\/stop><stop offset=\"100%\" style=\"stop-opacity:1;stop-color:var(--linear-gradient-4345-a-07-color-2)\"><\/stop><\/lineargradient><\/defs><\/svg><svg data-prefix=\"fas\" data-icon=\"chevron-down\" class=\"svg-inline--fa fa-chevron-down fa-w-14\" xmlns=\"http:\/\/www.w3.org\/2000\/svg\" viewbox=\"0 0 448 512\" aria-hidden=\"true\" width=\"32\" height=\"32\"><path fill=\"currentColor\" d=\"M207.029 381.476L12.686 187.132c-9.373-9.373-9.373-24.569 0-33.941l22.667-22.667c9.357-9.357 24.522-9.375 33.901-.04L224 284.505l154.745-154.021c9.379-9.335 24.544-9.317 33.901.04l22.667 22.667c9.373 9.373 9.373 24.569 0 33.941L240.971 381.476c-9.373 9.372-24.569 9.372-33.942 0z\"><\/path><\/svg><\/div><\/span><\/div>\n<\/div><\/div>\n<\/div><\/div><\/summary>\n\n\n\n<div class=\"wp-block-stackable-column stk-block-column stk-column stk-block stk-fdcb205 stk-block-accordion__content\" data-v=\"4\" data-block-id=\"fdcb205\"><div class=\"stk-column-wrapper stk-block-column__content stk-container stk-fdcb205-container stk--no-background stk--no-padding\"><div class=\"stk-block-content stk-inner-blocks stk-fdcb205-inner-blocks\">\n<div class=\"wp-block-stackable-text stk-block-text stk-block stk-6a78a2d\" data-block-id=\"6a78a2d\"><p class=\"stk-block-text__text\">Sempre estem oberts a descobrir nous productes, materials i tecnologies que ens ajudin a millorar la qualitat i la sostenibilitat dels nostres serveis. Si ets un fabricant, distribu\u00efdor o prove\u00efdor de solucions innovadores en el sector de la jardineria, el paisatgisme o les piscines, et convidem a presentar-nos la teva proposta.<\/p><\/div>\n\n\n\n<div class=\"wp-block-stackable-heading stk-block-heading stk-block-heading--v2 stk-block stk-0b47e18\" id=\"que-buscamos\" data-block-id=\"0b47e18\"><style>.stk-0b47e18 .stk-block-heading__text{font-size:var(--stk--preset--font-size--large, 30px) !important;}@media screen and (max-width:999px){.stk-0b47e18 .stk-block-heading__text{font-size:var(--stk--preset--font-size--large, 30px) !important;}}<\/style><h3 class=\"stk-block-heading__text\">Qu\u00e8 busquem?<\/h3><\/div>\n\n\n\n<ul class=\"wp-block-list\">\n<li>Productes d'alta qualitat, durabilitat i efici\u00e8ncia.<\/li>\n\n\n\n<li>Solucions sostenibles i respectuoses amb el medi ambient.<\/li>\n\n\n\n<li>Innovacions tecnol\u00f2giques que aportin valor als nostres clients.<\/li>\n\n\n\n<li>Relacions comercials basades en la confian\u00e7a i el benefici mutu.<\/li>\n<\/ul>\n\n\n\n<div class=\"wp-block-stackable-heading stk-block-heading stk-block-heading--v2 stk-block stk-4cdeca8\" id=\"como-puedes-presentar-tus-productos\" data-block-id=\"4cdeca8\"><style>.stk-4cdeca8 .stk-block-heading__text{font-size:var(--stk--preset--font-size--large, 30px) !important;}@media screen and (max-width:999px){.stk-4cdeca8 .stk-block-heading__text{font-size:var(--stk--preset--font-size--large, 30px) !important;}}<\/style><h3 class=\"stk-block-heading__text\">Com pots presentar els teus productes?<\/h3><\/div>\n\n\n\n<div class=\"wp-block-stackable-text stk-block-text stk-block stk-113936c\" data-block-id=\"113936c\"><p class=\"stk-block-text__text\">Si us plau, envia'ns el teu cat\u00e0leg de productes o la presentaci\u00f3 de la teva empresa. Estarem encantats d'analitzar la teva proposta i ens posarem en contacte si considerem que pot ser d'inter\u00e8s per als nostres projectes.<\/p><\/div>\n\n\n\n<p class=\"translation-block\"><strong>Correu electr\u00f2nic de contacte:<\/strong> <a href=\"mailto:contacto@jardivida.es\" target=\"_self\">contacto@jardivida.es<\/a><\/p>\n<\/div><\/div><\/div>\n<\/details>\n<\/div><\/div><\/div>\n<\/div><\/div>\n<\/div><\/div><\/div>\n<\/div><\/div>\n\n\n\n<div class=\"wp-block-stackable-spacer stk-block-spacer stk--no-padding stk-block stk-0653210\" data-block-id=\"0653210\"><style>.stk-0653210 {height:120px !important;}@media screen and (max-width:999px){.stk-0653210 {height:70px !important;}}<\/style><\/div>","protected":false},"excerpt":{"rendered":"<p>Vols unir-te a l\u2019equip de Jard\u00edvida? Busquem professionals de la jardineria i piscines. Tamb\u00e9 col\u00b7laborem amb prove\u00efdors innovadors. Contacta amb nosaltres!<\/p>","protected":false},"author":2,"featured_media":3981,"parent":0,"menu_order":0,"comment_status":"closed","ping_status":"closed","template":"","meta":{"footnotes":""},"class_list":["post-3962","page","type-page","status-publish","has-post-thumbnail","hentry"],"blocksy_meta":[],"_links":{"self":[{"href":"https:\/\/jardivida.es\/ca\/wp-json\/wp\/v2\/pages\/3962","targetHints":{"allow":["GET"]}}],"collection":[{"href":"https:\/\/jardivida.es\/ca\/wp-json\/wp\/v2\/pages"}],"about":[{"href":"https:\/\/jardivida.es\/ca\/wp-json\/wp\/v2\/types\/page"}],"author":[{"embeddable":true,"href":"https:\/\/jardivida.es\/ca\/wp-json\/wp\/v2\/users\/2"}],"replies":[{"embeddable":true,"href":"https:\/\/jardivida.es\/ca\/wp-json\/wp\/v2\/comments?post=3962"}],"version-history":[{"count":0,"href":"https:\/\/jardivida.es\/ca\/wp-json\/wp\/v2\/pages\/3962\/revisions"}],"wp:featuredmedia":[{"embeddable":true,"href":"https:\/\/jardivida.es\/ca\/wp-json\/wp\/v2\/media\/3981"}],"wp:attachment":[{"href":"https:\/\/jardivida.es\/ca\/wp-json\/wp\/v2\/media?parent=3962"}],"curies":[{"name":"wp","href":"https:\/\/api.w.org\/{rel}","templated":true}]}}