{"id":3864,"date":"2025-09-27T17:14:31","date_gmt":"2025-09-27T17:14:31","guid":{"rendered":"https:\/\/jardivida.es\/?page_id=3864"},"modified":"2026-01-29T00:18:39","modified_gmt":"2026-01-29T00:18:39","slug":"sostenibilitat","status":"publish","type":"page","link":"https:\/\/jardivida.es\/ca\/sostenibilidad\/","title":{"rendered":"Sostenibilitat"},"content":{"rendered":"<div class=\"wp-block-stackable-columns alignfull stk-block-columns stk-block stk-c0a2d50 stk-block-background stk--has-background-overlay\" data-block-id=\"c0a2d50\"><style>.stk-c0a2d50 {background-color:linear-gradient(180deg,rgba(17,71,30,0.63) 0%,rgb(6,37,6) 100%) !important;background-image:url(https:\/\/jardivida.es\/wp-content\/uploads\/2025\/09\/empresa-jardineria-sostenible-jardivida.webp) !important;padding-top:230px !important;padding-bottom:150px !important;margin-bottom:0px !important;}.stk-c0a2d50:before{opacity:0.5 !important;mix-blend-mode:multiply !important;background-image:linear-gradient(180deg,rgba(17,71,30,0.63) 0%,rgb(6,37,6) 100%) !important;}@media screen and (max-width:999px){.stk-c0a2d50 {padding-top:120px !important;padding-bottom:70px !important;}}<\/style><div class=\"stk-row stk-inner-blocks stk-block-content stk-content-align stk-c0a2d50-column\">\n<div class=\"wp-block-stackable-column stk-block-column stk-column stk-block stk-eed4320\" data-v=\"4\" data-block-id=\"eed4320\"><style>.stk-eed4320-container{margin-top:0px !important;margin-right:0px !important;margin-bottom:0px !important;margin-left:0px !important;}<\/style><div class=\"stk-column-wrapper stk-block-column__content stk-container stk-eed4320-container stk--no-background stk--no-padding\"><div class=\"has-text-align-center stk-block-content stk-inner-blocks stk-eed4320-inner-blocks\">\n<div class=\"wp-block-stackable-heading stk-block-heading stk-block-heading--v2 stk-block stk-aaa7c47\" id=\"nuestro-compromiso-profesionalidad-y-respeto-por-nuestro-entorno\" data-block-id=\"aaa7c47\"><style>.stk-aaa7c47 {max-width:700px !important;min-width:auto !important;margin-right:auto !important;margin-left:auto !important;}.stk-aaa7c47 .stk-block-heading__text{color:var(u002du002dtheme-palette-color-8, #ffffff) !important;line-height:1.2em !important;}@media screen and (max-width:999px){.stk-aaa7c47 .stk-block-heading__text{font-size:40px !important;}}<\/style><h1 class=\"stk-block-heading__text has-text-color has-palette-color-8-color has-text-align-center\">El nostre comprom\u00eds: professionalitat i respecte pel nostre entorn<\/h1><\/div>\n\n\n\n<div class=\"wp-block-stackable-text stk-block-text stk-block stk-2b77d0a\" data-block-id=\"2b77d0a\"><style>.stk-2b77d0a {max-width:650px !important;min-width:auto !important;padding-bottom:24px !important;margin-right:auto !important;margin-bottom:24px !important;margin-left:auto !important;}.stk-2b77d0a .stk-block-text__text{font-size:23px !important;color:var(--theme-palette-color-8, #ffffff) !important;font-weight:600 !important;}@media screen and (max-width:999px){.stk-2b77d0a {margin-bottom:24px !important;}.stk-2b77d0a .stk-block-text__text{font-size:23px !important;}}@media screen and (max-width:689px){.stk-2b77d0a .stk-block-text__text{font-size:21px !important;}}<\/style><p class=\"stk-block-text__text has-text-color has-palette-color-8-color has-text-align-justify\">A Jard\u00edvida, creiem que la nostra feina va m\u00e9s enll\u00e0 de mantenir un jard\u00ed o una piscina. Entenem que cada espai que ens confies \u00e9s una oportunitat per sumar el nostre petit gra de sorra. Ens enorgulleix que ens tri\u00efs per la nostra professionalitat, i encara m\u00e9s que, junts, puguem prendre decisions que contribueixin a un futur millor i m\u00e9s saludable per a tothom.<\/p><\/div>\n<\/div><\/div><\/div>\n<\/div><\/div>\n\n\n\n<div class=\"wp-block-stackable-spacer stk-block-spacer stk--no-padding stk-block stk-4fd88f6\" data-block-id=\"4fd88f6\"><style>.stk-4fd88f6 {height:80px !important;}@media screen and (max-width:999px){.stk-4fd88f6 {height:40px !important;}}@media screen and (max-width:689px){.stk-4fd88f6 {height:40px !important;}}<\/style><\/div>\n\n\n\n<div class=\"wp-block-stackable-heading stk-block-heading stk-block-heading--v2 stk-block stk-57960b1\" id=\"nuestra-forma-de-trabajar-5-compromisos-contigo-y-con-el-planeta\" data-block-id=\"57960b1\"><h2 class=\"stk-block-heading__text\">La nostra manera de treballar: 5 compromisos amb tu i amb el planeta<\/h2><\/div>\n\n\n\n<div class=\"wp-block-stackable-text stk-block-text stk-block stk-1c807f1\" data-block-id=\"1c807f1\"><p class=\"stk-block-text__text\">Estar a l'\u00faltima en tecnologia no \u00e9s nom\u00e9s una manera de donar-te el millor servei. \u00c9s el resultat d'una filosofia de treball conscient. Ens permet mirar enrere al final de cada jornada i sentir-nos orgullosos de la feina feta: una feina que embelleix la teva llar sense deixar una empremta negativa.<\/p><\/div>\n\n\n\n<div class=\"wp-block-group is-layout-constrained wp-container-core-group-is-layout-ab2dbca6 wp-block-group-is-layout-constrained\" style=\"padding-top:1rem;padding-right:0;padding-bottom:1rem;padding-left:0\">\n<div class=\"wp-block-columns is-layout-flex wp-container-core-columns-is-layout-26f3cd26 wp-block-columns-is-layout-flex\" style=\"padding-top:0;padding-right:0;padding-bottom:0;padding-left:0\">\n<div class=\"wp-block-column is-layout-flow wp-block-column-is-layout-flow\" style=\"padding-bottom:0\">\n<div class=\"wp-block-group is-vertical is-layout-flex wp-container-core-group-is-layout-0bc941e6 wp-block-group-is-layout-flex\" style=\"min-height:300px\">\n<div class=\"wp-block-group is-layout-constrained wp-block-group-is-layout-constrained\">\n<div class=\"wp-block-stackable-subtitle stk-block-subtitle stk-block stk-833d7c4\" data-block-id=\"833d7c4\"><style>.stk-833d7c4 {margin-top:-50px !important;margin-bottom:-145px !important;}.stk-833d7c4 .stk-block-subtitle__text{font-size:200px !important;color:#c3ddd240 !important;font-weight:900 !important;text-transform:uppercase !important;}@media screen and (max-width:999px){.stk-833d7c4 {margin-bottom:-102px !important;}.stk-833d7c4 .stk-block-subtitle__text{font-size:150px !important;}}<\/style><p class=\"stk-block-subtitle__text stk-subtitle has-text-color has-text-align-left has-text-align-center-tablet has-text-align-center-mobile\">01<\/p><\/div>\n\n\n\n<h2 class=\"wp-block-heading has-palette-color-3-color has-text-color has-link-color has-large-font-size wp-elements-477820a1884bcc9000e40e987847961a\" style=\"margin-top:0\">Un entorn m\u00e9s sa i agradable per a tu i els teus<\/h2>\n\n\n\n<p class=\"has-palette-color-3-color has-text-color has-link-color has-medium-font-size wp-elements-69cb83acd430a141d5da22fd43ce2caf\" style=\"margin-bottom:30px\">Quan treballem al teu jard\u00ed, volem que sentis pau, no que escapis del soroll i els fums. Per aix\u00f2, hem invertit en maquin\u00e0ria 100% el\u00e8ctrica i d'emissions zero. No es tracta nom\u00e9s de tecnologia, es tracta de respecte. Significa que podem fer la nostra feina sense emetre gasos nocius a l'aire que respires i sense els sorolls molestos d'un motor de benzina. \u00c9s el nostre comprom\u00eds amb el teu benestar i el dels teus ve\u00efns.<\/p>\n<\/div>\n<\/div>\n<\/div>\n<\/div>\n<\/div>\n\n\n\n<div class=\"wp-block-group is-layout-constrained wp-container-core-group-is-layout-ab2dbca6 wp-block-group-is-layout-constrained\" style=\"padding-top:1rem;padding-right:0;padding-bottom:1rem;padding-left:0\">\n<div class=\"wp-block-columns is-layout-flex wp-container-core-columns-is-layout-26f3cd26 wp-block-columns-is-layout-flex\" style=\"padding-top:0;padding-right:0;padding-bottom:0;padding-left:0\">\n<div class=\"wp-block-column is-layout-flow wp-block-column-is-layout-flow\" style=\"padding-bottom:0\">\n<div class=\"wp-block-group is-vertical is-layout-flex wp-container-core-group-is-layout-0bc941e6 wp-block-group-is-layout-flex\" style=\"min-height:300px\">\n<div class=\"wp-block-group is-layout-constrained wp-block-group-is-layout-constrained\">\n<div class=\"wp-block-stackable-subtitle stk-block-subtitle stk-block stk-981db5c\" data-block-id=\"981db5c\"><style>.stk-981db5c {margin-top:-50px !important;margin-bottom:-145px !important;}.stk-981db5c .stk-block-subtitle__text{font-size:200px !important;color:#c3ddd240 !important;font-weight:900 !important;text-transform:uppercase !important;}@media screen and (max-width:999px){.stk-981db5c {margin-bottom:-102px !important;}.stk-981db5c .stk-block-subtitle__text{font-size:150px !important;}}<\/style><p class=\"stk-block-subtitle__text stk-subtitle has-text-color has-text-align-left has-text-align-center-tablet has-text-align-center-mobile\">02<\/p><\/div>\n\n\n\n<h3 class=\"wp-block-heading has-palette-color-3-color has-text-color has-link-color has-large-font-size wp-elements-f7eff189cdc725dbd5f1d0b966cb0b39\" style=\"margin-top:0\">Sostenibilitat intel\u00b7ligent: cuidar del planeta i de la teva butxaca<\/h3>\n\n\n\n<p class=\"has-palette-color-3-color has-text-color has-link-color has-medium-font-size wp-elements-540396972fb611e1ec2677463e5cdc17 translation-block\" style=\"margin-bottom:30px\">Existeix la falsa creen\u00e7a que ser sostenible \u00e9s m\u00e9s car. Nosaltres et demostrem el contrari. Un jard\u00ed ben planificat amb esp\u00e8cies aut\u00f2ctones no nom\u00e9s \u00e9s m\u00e9s resistent, sin\u00f3 que consumeix molta menys aigua. Un <a href=\"https:\/\/jardivida.es\/ca\/jardineria\/instalacio-de-reg-automatic\/\" data-type=\"link\" data-id=\"https:\/\/jardivida.es\/jardineria\/instalacion-de-riego-automatico\/\" target=\"_blank\" rel=\"noreferrer noopener\">sistema de reg eficient<\/a> pot reduir la teva factura d\u2019aigua fins a un 50%. La sostenibilitat no \u00e9s un luxe, \u00e9s una decisi\u00f3 intel\u00b7ligent que t\u2019estalvia diners a llarg termini i optimitza els recursos. \u00c9s bo per al planeta i, sens dubte, \u00e9s bo per a tu.<\/p>\n<\/div>\n<\/div>\n<\/div>\n<\/div>\n<\/div>\n\n\n\n<div class=\"wp-block-group is-layout-constrained wp-container-core-group-is-layout-ab2dbca6 wp-block-group-is-layout-constrained\" style=\"padding-top:1rem;padding-right:0;padding-bottom:1rem;padding-left:0\">\n<div class=\"wp-block-columns is-layout-flex wp-container-core-columns-is-layout-26f3cd26 wp-block-columns-is-layout-flex\" style=\"padding-top:0;padding-right:0;padding-bottom:0;padding-left:0\">\n<div class=\"wp-block-column is-layout-flow wp-block-column-is-layout-flow\" style=\"padding-bottom:0\">\n<div class=\"wp-block-group is-vertical is-layout-flex wp-container-core-group-is-layout-0bc941e6 wp-block-group-is-layout-flex\" style=\"min-height:300px\">\n<div class=\"wp-block-group is-layout-constrained wp-block-group-is-layout-constrained\">\n<div class=\"wp-block-stackable-subtitle stk-block-subtitle stk-block stk-5b0a98f\" data-block-id=\"5b0a98f\"><style>.stk-5b0a98f {margin-top:-50px !important;margin-bottom:-145px !important;}.stk-5b0a98f .stk-block-subtitle__text{font-size:200px !important;color:#c3ddd240 !important;font-weight:900 !important;text-transform:uppercase !important;}@media screen and (max-width:999px){.stk-5b0a98f {margin-bottom:-102px !important;}.stk-5b0a98f .stk-block-subtitle__text{font-size:150px !important;}}<\/style><p class=\"stk-block-subtitle__text stk-subtitle has-text-color has-text-align-left has-text-align-center-tablet has-text-align-center-mobile\">03<\/p><\/div>\n\n\n\n<h3 class=\"wp-block-heading has-palette-color-3-color has-text-color has-link-color has-large-font-size wp-elements-1bb812f5dd68adfdae6b175b8d2c730c\" style=\"margin-top:0\">Respecte per la vida: protegim la biodiversitat del teu jard\u00ed<\/h3>\n\n\n\n<p class=\"has-palette-color-3-color has-text-color has-link-color has-medium-font-size wp-elements-95875cfad979e62211e0f499081836d6\" style=\"margin-bottom:30px\">Tu jard\u00edn es un peque\u00f1o ecosistema vivo. Por eso, evitamos el uso de pesticidas y tratamientos qu\u00edmicos agresivos. Priorizamos soluciones ecol\u00f3gicas que controlan las plagas sin da\u00f1ar el suelo, a las especies polinizadoras como las abejas y las mariposas, y sobre todo, sin suponer el m\u00e1s m\u00ednimo riesgo para tus hijos o tus mascotas. Un jard\u00edn sano es un jard\u00edn seguro, lleno de vida y en perfecto equilibrio.<\/p>\n<\/div>\n<\/div>\n<\/div>\n<\/div>\n<\/div>\n\n\n\n<div class=\"wp-block-group is-layout-constrained wp-container-core-group-is-layout-ab2dbca6 wp-block-group-is-layout-constrained\" style=\"padding-top:1rem;padding-right:0;padding-bottom:1rem;padding-left:0\">\n<div class=\"wp-block-columns is-layout-flex wp-container-core-columns-is-layout-26f3cd26 wp-block-columns-is-layout-flex\" style=\"padding-top:0;padding-right:0;padding-bottom:0;padding-left:0\">\n<div class=\"wp-block-column is-layout-flow wp-block-column-is-layout-flow\" style=\"padding-bottom:0\">\n<div class=\"wp-block-group is-vertical is-layout-flex wp-container-core-group-is-layout-0bc941e6 wp-block-group-is-layout-flex\" style=\"min-height:300px\">\n<div class=\"wp-block-group is-layout-constrained wp-block-group-is-layout-constrained\">\n<div class=\"wp-block-stackable-subtitle stk-block-subtitle stk-block stk-f00a1e9\" data-block-id=\"f00a1e9\"><style>.stk-f00a1e9 {margin-top:-50px !important;margin-bottom:-145px !important;}.stk-f00a1e9 .stk-block-subtitle__text{font-size:200px !important;color:#c3ddd240 !important;font-weight:900 !important;text-transform:uppercase !important;}@media screen and (max-width:999px){.stk-f00a1e9 {margin-bottom:-102px !important;}.stk-f00a1e9 .stk-block-subtitle__text{font-size:150px !important;}}<\/style><p class=\"stk-block-subtitle__text stk-subtitle has-text-color has-text-align-left has-text-align-center-tablet has-text-align-center-mobile\">04<\/p><\/div>\n\n\n\n<h3 class=\"wp-block-heading has-palette-color-3-color has-text-color has-link-color has-large-font-size wp-elements-3c83037db47f0ab08b6bffd2db15b5ba\" style=\"margin-top:0\">Un cicle natural: convertim els residus en recursos<\/h3>\n\n\n\n<p class=\"has-palette-color-3-color has-text-color has-link-color has-medium-font-size wp-elements-484343f200f4b9db7ce9c60840ca1c1e\" style=\"margin-bottom:30px\">Per a nosaltres, les restes de poda o de sega no s\u00f3n brossa. S\u00f3n recursos valuosos que la mateixa naturalesa ens dona. Ens encarreguem de gestionar tots els residus verds de forma responsable, fomentant-ne el compostatge per convertir-los en adob ric en nutrients que tornar\u00e0 a alimentar el teu jard\u00ed. \u00c9s una manera de tancar el cicle, evitar els abocadors sempre que sigui possible i treballar en harmonia amb l'entorn.<\/p>\n<\/div>\n<\/div>\n<\/div>\n<\/div>\n<\/div>\n\n\n\n<div class=\"wp-block-group is-layout-constrained wp-container-core-group-is-layout-ab2dbca6 wp-block-group-is-layout-constrained\" style=\"padding-top:1rem;padding-right:0;padding-bottom:1rem;padding-left:0\">\n<div class=\"wp-block-columns is-layout-flex wp-container-core-columns-is-layout-26f3cd26 wp-block-columns-is-layout-flex\" style=\"padding-top:0;padding-right:0;padding-bottom:0;padding-left:0\">\n<div class=\"wp-block-column is-layout-flow wp-block-column-is-layout-flow\" style=\"padding-bottom:0\">\n<div class=\"wp-block-group is-vertical is-layout-flex wp-container-core-group-is-layout-0bc941e6 wp-block-group-is-layout-flex\" style=\"min-height:300px\">\n<div class=\"wp-block-group is-layout-constrained wp-block-group-is-layout-constrained\">\n<div class=\"wp-block-stackable-subtitle stk-block-subtitle stk-block stk-228b208\" data-block-id=\"228b208\"><style>.stk-228b208 {margin-top:-50px !important;margin-bottom:-145px !important;}.stk-228b208 .stk-block-subtitle__text{font-size:200px !important;color:#c3ddd240 !important;font-weight:900 !important;text-transform:uppercase !important;}@media screen and (max-width:999px){.stk-228b208 {margin-bottom:-102px !important;}.stk-228b208 .stk-block-subtitle__text{font-size:150px !important;}}<\/style><p class=\"stk-block-subtitle__text stk-subtitle has-text-color has-text-align-left has-text-align-center-tablet has-text-align-center-mobile\">05<\/p><\/div>\n\n\n\n<h3 class=\"wp-block-heading has-palette-color-3-color has-text-color has-link-color has-large-font-size wp-elements-b52bae7c755a21161e4c1b77833e0d99\" style=\"margin-top:0\">Piscines m\u00e9s pures, eficients i saludables<\/h3>\n\n\n\n<p class=\"has-palette-color-3-color has-text-color has-link-color has-medium-font-size wp-elements-8496d2036e9488e7aae4eb624d44fc16 translation-block\" style=\"margin-bottom:30px\">El nostre comprom\u00eds s'est\u00e9n a l'aigua de la teva piscina. Apliquem la mateixa l\u00f2gica d'intel\u00b7lig\u00e8ncia i respecte perqu\u00e8 sigui una font de gaudi m\u00e9s sostenible i saludable per a tu i la teva fam\u00edlia. T'assessorem en la instal\u00b7laci\u00f3 de cobertes que redueixen l'evaporaci\u00f3 fins a un 95%, la qual cosa suposa un estalvi immens d'aigua i de productes qu\u00edmics. A m\u00e9s, apostem per la cloraci\u00f3 salina, un sistema que genera desinfectant de manera natural a partir de sal, sense necessitat d'afegir-hi qu\u00edmics agressius. El resultat \u00e9s una aigua molt m\u00e9s suau per a la teva pell i els teus ulls, i un sistema m\u00e9s respectu\u00f3s amb el medi ambient.<\/p>\n<\/div>\n<\/div>\n<\/div>\n<\/div>\n<\/div>\n\n\n\n<div class=\"wp-block-stackable-spacer stk-block-spacer stk--no-padding stk-block stk-700f6e9\" data-block-id=\"700f6e9\"><style>.stk-700f6e9 {height:60px !important;}@media screen and (max-width:999px){.stk-700f6e9 {height:70px !important;}}<\/style><\/div>\n\n\n\n<div class=\"wp-block-stackable-hero stk-block-hero stk-block stk-b3316ae stk-block-background is-style-default stk--has-background-overlay\" data-v=\"2\" data-block-id=\"b3316ae\"><style>.stk-b3316ae-inner-blocks{justify-content:center !important;}.stk-b3316ae {background-color:linear-gradient(180deg,rgb(11,44,16) 0%,rgb(0,0,0) 100%) !important;background-image:url(https:\/\/jardivida.es\/wp-content\/uploads\/2025\/09\/instalacion-cesped-sintetico.webp) !important;border-top-left-radius:20px !important;border-top-right-radius:20px !important;border-bottom-right-radius:20px !important;border-bottom-left-radius:20px !important;overflow:hidden !important;}.stk-b3316ae:before{opacity:0.4 !important;mix-blend-mode:multiply !important;background-image:linear-gradient(180deg,rgb(11,44,16) 0%,rgb(0,0,0) 100%) !important;}.stk-b3316ae-container{background-color:#00000000 !important;}.stk-b3316ae-container:before{background-color:#00000000 !important;}.stk-b3316ae .stk-block-hero__content{min-height:500px !important;align-items:center !important;display:flex !important;}<\/style><div class=\"stk-block-hero__content stk-content-align stk-b3316ae-column stk-container stk-b3316ae-container stk-hover-parent\"><div class=\"stk-block-content stk-inner-blocks has-text-align-left stk--column-flex stk-b3316ae-inner-blocks\">\n<div class=\"wp-block-stackable-heading stk-block-heading stk-block-heading--v2 stk-block stk-6d5001e\" id=\"elige-un-servicio-que-cuida-de-todo-lo-que-importa\" data-block-id=\"6d5001e\"><style>.stk-6d5001e .stk-block-heading__text{color:#ffffff !important;}<\/style><h2 class=\"stk-block-heading__text has-text-color has-text-align-center\">Tria un servei que cuida de tot el que importa<\/h2><\/div>\n\n\n\n<p class=\"has-text-align-center has-white-color has-text-color has-link-color has-large-font-size wp-elements-34c5e11dc3c5bb6ed59b839b4fc5beea\">En triar Jard\u00edvida, no nom\u00e9s contractes un equip de professionals. T'uneixes a una manera de cuidar la teva llar que suma. En parlem?<\/p>\n\n\n\n<div class=\"wp-block-stackable-button-group stk-block-button-group stk-block stk-360afa2\" data-block-id=\"360afa2\"><div class=\"stk-row stk-inner-blocks has-text-align-center stk-block-content stk-button-group\">\n<div class=\"wp-block-stackable-button stk-block-button stk-block stk-f1ac5a6\" data-block-id=\"f1ac5a6\"><style>.stk-f1ac5a6 .stk-button{border-top-left-radius:12px !important;border-top-right-radius:12px !important;border-bottom-right-radius:12px !important;border-bottom-left-radius:12px !important;}<\/style><a class=\"stk-link stk-button stk--hover-effect-darken\" href=\"https:\/\/jardivida.es\/ca\/contacte\/\"><span class=\"stk-button__inner-text\">Contactar ara<\/span><\/a><\/div>\n<\/div><\/div>\n<\/div><\/div><\/div>\n\n\n\n<div class=\"wp-block-stackable-spacer stk-block-spacer stk--no-padding stk-block stk-0653210\" data-block-id=\"0653210\"><style>.stk-0653210 {height:120px !important;}@media screen and (max-width:999px){.stk-0653210 {height:70px !important;}}<\/style><\/div>","protected":false},"excerpt":{"rendered":"<p>En triar Jard\u00edvida, no nom\u00e9s contractes un equip de professionals. T'uneixes a una manera de cuidar la teva llar que suma. En parlem?<\/p>","protected":false},"author":2,"featured_media":3978,"parent":0,"menu_order":0,"comment_status":"closed","ping_status":"closed","template":"","meta":{"footnotes":""},"class_list":["post-3864","page","type-page","status-publish","has-post-thumbnail","hentry"],"blocksy_meta":[],"_links":{"self":[{"href":"https:\/\/jardivida.es\/ca\/wp-json\/wp\/v2\/pages\/3864","targetHints":{"allow":["GET"]}}],"collection":[{"href":"https:\/\/jardivida.es\/ca\/wp-json\/wp\/v2\/pages"}],"about":[{"href":"https:\/\/jardivida.es\/ca\/wp-json\/wp\/v2\/types\/page"}],"author":[{"embeddable":true,"href":"https:\/\/jardivida.es\/ca\/wp-json\/wp\/v2\/users\/2"}],"replies":[{"embeddable":true,"href":"https:\/\/jardivida.es\/ca\/wp-json\/wp\/v2\/comments?post=3864"}],"version-history":[{"count":0,"href":"https:\/\/jardivida.es\/ca\/wp-json\/wp\/v2\/pages\/3864\/revisions"}],"wp:featuredmedia":[{"embeddable":true,"href":"https:\/\/jardivida.es\/ca\/wp-json\/wp\/v2\/media\/3978"}],"wp:attachment":[{"href":"https:\/\/jardivida.es\/ca\/wp-json\/wp\/v2\/media?parent=3864"}],"curies":[{"name":"wp","href":"https:\/\/api.w.org\/{rel}","templated":true}]}}